{"id":261191,"date":"2023-07-19T14:47:23","date_gmt":"2023-07-19T14:47:23","guid":{"rendered":"https:\/\/loopdx.wpengine.com\/formulario-de-contacto\/"},"modified":"2025-09-04T14:01:01","modified_gmt":"2025-09-04T14:01:01","slug":"septiloop","status":"publish","type":"page","link":"https:\/\/loopdx.com\/es\/septiloop\/","title":{"rendered":"SeptiLoop"},"content":{"rendered":"<p>[et_pb_section fb_built=\u00bb1&#8243; _builder_version=\u00bb4.16&#8243; global_colors_info=\u00bb{}\u00bb][et_pb_row _builder_version=\u00bb4.16&#8243; background_size=\u00bbinitial\u00bb background_position=\u00bbtop_left\u00bb background_repeat=\u00bbrepeat\u00bb global_colors_info=\u00bb{}\u00bb][et_pb_column type=\u00bb4_4&#8243; _builder_version=\u00bb4.16&#8243; custom_padding=\u00bb|||\u00bb global_colors_info=\u00bb{}\u00bb custom_padding__hover=\u00bb|||\u00bb][et_pb_text _builder_version=\u00bb4.21.0&#8243; background_size=\u00bbinitial\u00bb background_position=\u00bbtop_left\u00bb background_repeat=\u00bbrepeat\u00bb hover_enabled=\u00bb0&#8243; global_colors_info=\u00bb{}\u00bb sticky_enabled=\u00bb0&#8243;]<\/p>\n<h1><b>SEPTILOOP\u00a0<\/b><\/h1>\n<p>SEPTILOOP is an indirect qualitative manual test, intended to aid in the identification of patients at risk of induced immunosuppression during suspected bacterial blood stream infection (including sepsis). The test result must be used in conjunction with other medical and diagnostic evaluations and is intended for trained healthcare professionals use only.<\/p>\n<p>SEPTILOOP is an in vitro diagnostic test using lipopolysaccharide antigen (LPS) to stimulate cells in heparinized whole blood. Detection of Tumor Necrosis Factor-alpha (TNF-\u03b1) by lateral flow assay (LFA) is applied to identify the endotoxin tolerance status of the patient\u2019s immune cells.<\/p>\n<p>[\/et_pb_text][\/et_pb_column][\/et_pb_row][\/et_pb_section][et_pb_section fb_built=\u00bb1&#8243; admin_label=\u00bbContact info\u00bb _builder_version=\u00bb4.21.0&#8243; _module_preset=\u00bbdefault\u00bb background_color=\u00bb#000000&#8243; background_enable_image=\u00bboff\u00bb border_width_bottom=\u00bb1px\u00bb global_module=\u00bb260768&#8243; saved_tabs=\u00bball\u00bb global_colors_info=\u00bb{}\u00bb][et_pb_row module_id=\u00bbcontact\u00bb _builder_version=\u00bb4.21.0&#8243; _module_preset=\u00bbdefault\u00bb global_colors_info=\u00bb{}\u00bb][et_pb_column type=\u00bb4_4&#8243; _builder_version=\u00bb4.16&#8243; _module_preset=\u00bbdefault\u00bb global_colors_info=\u00bb{}\u00bb][et_pb_text _builder_version=\u00bb4.21.0&#8243; _module_preset=\u00bbde5f6196-b4e3-4dfe-9661-d839a94cca66&#8243; text_font=\u00bbWork Sans|600|||||||\u00bb text_text_color=\u00bb#254386&#8243; text_font_size=\u00bb17px\u00bb text_line_height=\u00bb1.4em\u00bb link_text_color=\u00bb#004E43&#8243; header_3_font=\u00bbWork Sans|500||on|||||\u00bb header_3_text_color=\u00bb#d3d3d3&#8243; header_3_font_size=\u00bb16px\u00bb header_3_letter_spacing=\u00bb2px\u00bb header_3_line_height=\u00bb1.4em\u00bb custom_margin=\u00bb||4px||false|false\u00bb custom_padding=\u00bb||5px|||\u00bb text_font_size_tablet=\u00bb18px\u00bb text_font_size_phone=\u00bb16px\u00bb text_font_size_last_edited=\u00bbon|phone\u00bb header_3_font_size_tablet=\u00bb14px\u00bb header_3_font_size_phone=\u00bb\u00bb header_3_font_size_last_edited=\u00bbon|phone\u00bb locked=\u00bboff\u00bb global_colors_info=\u00bb{%22gcid-4721c02e-63da-4985-9f86-80b98bb29c52%22:%91%22header_3_text_color%22,%22header_3_text_color%22,%22header_3_text_color%22,%22header_3_text_color%22,%22header_3_text_color%22,%22header_3_text_color%22%93,%22gcid-26ac9050-52ea-4dfa-84b3-bad7cf43e335%22:%91%93}\u00bb]<\/p>\n<h3>Email<\/h3>\n<p>eduard@loopdx.com<\/p>\n<p>[\/et_pb_text][et_pb_text _builder_version=\u00bb4.21.0&#8243; _module_preset=\u00bbde5f6196-b4e3-4dfe-9661-d839a94cca66&#8243; text_font=\u00bbWork Sans|600|||||||\u00bb text_text_color=\u00bb#254386&#8243; text_font_size=\u00bb17px\u00bb text_line_height=\u00bb1.4em\u00bb link_text_color=\u00bb#004E43&#8243; header_3_font=\u00bbWork Sans|500||on|||||\u00bb header_3_text_color=\u00bb#d3d3d3&#8243; header_3_font_size=\u00bb16px\u00bb header_3_letter_spacing=\u00bb2px\u00bb header_3_line_height=\u00bb1.4em\u00bb custom_margin=\u00bb||4px||false|false\u00bb custom_padding=\u00bb||3px|||\u00bb text_font_size_tablet=\u00bb18px\u00bb text_font_size_phone=\u00bb16px\u00bb text_font_size_last_edited=\u00bbon|phone\u00bb header_3_font_size_tablet=\u00bb14px\u00bb header_3_font_size_phone=\u00bb\u00bb header_3_font_size_last_edited=\u00bbon|phone\u00bb locked=\u00bboff\u00bb global_colors_info=\u00bb{%22gcid-4721c02e-63da-4985-9f86-80b98bb29c52%22:%91%22header_3_text_color%22,%22header_3_text_color%22,%22header_3_text_color%22%93,%22gcid-26ac9050-52ea-4dfa-84b3-bad7cf43e335%22:%91%93}\u00bb]<\/p>\n<h3>Lab office<\/h3>\n<p>Cosymbio Labs &#8211; Rent shared laboratory R&amp;D. Carrer de Roc Boronat, 31, Sant Mart\u00ed, 08005 Barcelona<\/p>\n<p>[\/et_pb_text][et_pb_text _builder_version=\u00bb4.21.0&#8243; _module_preset=\u00bbde5f6196-b4e3-4dfe-9661-d839a94cca66&#8243; text_font=\u00bbWork Sans|600|||||||\u00bb text_text_color=\u00bb#254386&#8243; text_font_size=\u00bb17px\u00bb text_line_height=\u00bb1.4em\u00bb link_text_color=\u00bb#004E43&#8243; header_3_font=\u00bbWork Sans|500||on|||||\u00bb header_3_text_color=\u00bb#d3d3d3&#8243; header_3_font_size=\u00bb16px\u00bb header_3_letter_spacing=\u00bb2px\u00bb header_3_line_height=\u00bb1.4em\u00bb custom_margin=\u00bb||4px||false|false\u00bb custom_padding=\u00bb||3px|||\u00bb text_font_size_tablet=\u00bb18px\u00bb text_font_size_phone=\u00bb16px\u00bb text_font_size_last_edited=\u00bbon|phone\u00bb header_3_font_size_tablet=\u00bb14px\u00bb header_3_font_size_phone=\u00bb\u00bb header_3_font_size_last_edited=\u00bbon|phone\u00bb locked=\u00bboff\u00bb global_colors_info=\u00bb{%22gcid-4721c02e-63da-4985-9f86-80b98bb29c52%22:%91%22header_3_text_color%22,%22header_3_text_color%22%93,%22gcid-26ac9050-52ea-4dfa-84b3-bad7cf43e335%22:%91%93}\u00bb]<\/p>\n<h3>Phone<\/h3>\n<p>+34 696 17 75 93<\/p>\n<p>[\/et_pb_text][et_pb_text _builder_version=\u00bb4.21.0&#8243; _module_preset=\u00bbde5f6196-b4e3-4dfe-9661-d839a94cca66&#8243; text_font=\u00bbWork Sans|600|||||||\u00bb text_text_color=\u00bb#254386&#8243; text_font_size=\u00bb17px\u00bb text_line_height=\u00bb1.4em\u00bb link_text_color=\u00bb#004E43&#8243; header_3_font=\u00bbWork Sans|500||on|||||\u00bb header_3_text_color=\u00bb#d3d3d3&#8243; header_3_font_size=\u00bb16px\u00bb header_3_letter_spacing=\u00bb2px\u00bb header_3_line_height=\u00bb1.4em\u00bb custom_margin=\u00bb||4px||false|false\u00bb custom_padding=\u00bb||3px|||\u00bb text_font_size_tablet=\u00bb18px\u00bb text_font_size_phone=\u00bb16px\u00bb text_font_size_last_edited=\u00bbon|phone\u00bb header_3_font_size_tablet=\u00bb14px\u00bb header_3_font_size_phone=\u00bb\u00bb header_3_font_size_last_edited=\u00bbon|phone\u00bb locked=\u00bboff\u00bb global_colors_info=\u00bb{%22gcid-4721c02e-63da-4985-9f86-80b98bb29c52%22:%91%22header_3_text_color%22,%22header_3_text_color%22,%22header_3_text_color%22%93,%22gcid-26ac9050-52ea-4dfa-84b3-bad7cf43e335%22:%91%93}\u00bb]<\/p>\n<h3>Follow<\/h3>\n<p>[\/et_pb_text][et_pb_social_media_follow icon_color=\u00bb#254386&#8243; icon_color_last_edited=\u00bboff|desktop\u00bb _builder_version=\u00bb4.21.0&#8243; _module_preset=\u00bbdefault\u00bb text_orientation=\u00bbleft\u00bb custom_margin=\u00bb||||false|false\u00bb custom_margin_last_edited=\u00bboff|desktop\u00bb custom_padding=\u00bb||||false|false\u00bb locked=\u00bboff\u00bb global_colors_info=\u00bb{%22gcid-26ac9050-52ea-4dfa-84b3-bad7cf43e335%22:%91%93,%22gcid-3bcfc9e8-40d7-422e-a60f-3fa9ff8f4895%22:%91%93}\u00bb][et_pb_social_media_follow_network social_network=\u00bbtwitter\u00bb url=\u00bbhttps:\/\/twitter.com\/loopdx\u00bb _builder_version=\u00bb4.21.0&#8243; _module_preset=\u00bbdefault\u00bb global_colors_info=\u00bb{}\u00bb follow_button=\u00bboff\u00bb url_new_window=\u00bbon\u00bb]twitter[\/et_pb_social_media_follow_network][et_pb_social_media_follow_network social_network=\u00bblinkedin\u00bb url=\u00bbhttps:\/\/www.linkedin.com\/company\/loopdx\/\u00bb _builder_version=\u00bb4.21.0&#8243; _module_preset=\u00bbdefault\u00bb background_enable_color=\u00bboff\u00bb global_colors_info=\u00bb{}\u00bb follow_button=\u00bboff\u00bb url_new_window=\u00bbon\u00bb]linkedin[\/et_pb_social_media_follow_network][\/et_pb_social_media_follow][\/et_pb_column][\/et_pb_row][et_pb_row _builder_version=\u00bb4.21.0&#8243; _module_preset=\u00bbdefault\u00bb global_colors_info=\u00bb{}\u00bb][et_pb_column type=\u00bb4_4&#8243; _builder_version=\u00bb4.21.0&#8243; _module_preset=\u00bbdefault\u00bb global_colors_info=\u00bb{}\u00bb][et_pb_text _builder_version=\u00bb4.21.0&#8243; _module_preset=\u00bbdefault\u00bb text_font=\u00bbWork Sans||||||||\u00bb text_text_color=\u00bb#afafaf\u00bb text_orientation=\u00bbjustified\u00bb global_colors_info=\u00bb{}\u00bb]<\/p>\n<p style=\"text-align: center;\"><span>Products manufactured by Loop Diagnostics are in the process of obtaining certification of CE marking according to In Vitro Diagnostic Regulations as in vitro diagnostic devices. All pictures of products, packaging and product names disclosed in this website are of prototypes for displaying purposes. The final products are, however, currently unavailable for commercialization, only for research and performance evaluation purposes. The product IFU and\/or SSP will be provided upon request by emailing eduard@loopdx.com.<\/span><\/p>\n<p>[\/et_pb_text][\/et_pb_column][\/et_pb_row][et_pb_row column_structure=\u00bb1_3,1_3,1_3&#8243; _builder_version=\u00bb4.21.0&#8243; _module_preset=\u00bbdefault\u00bb global_colors_info=\u00bb{}\u00bb][et_pb_column type=\u00bb1_3&#8243; _builder_version=\u00bb4.21.0&#8243; _module_preset=\u00bbdefault\u00bb global_colors_info=\u00bb{}\u00bb][et_pb_image src=\u00bbhttps:\/\/loopdx.com\/wp-content\/uploads\/2024\/10\/Sello-Enisa_Conjunto_Horizontal_Fondos-Claros-modified.jpg\u00bb title_text=\u00bbSello Enisa_Conjunto_Horizontal_Fondos Claros-modified\u00bb _builder_version=\u00bb4.21.0&#8243; _module_preset=\u00bbdefault\u00bb width=\u00bb78%\u00bb global_colors_info=\u00bb{}\u00bb][\/et_pb_image][\/et_pb_column][et_pb_column type=\u00bb1_3&#8243; _builder_version=\u00bb4.21.0&#8243; _module_preset=\u00bbdefault\u00bb global_colors_info=\u00bb{}\u00bb][et_pb_image src=\u00bbhttps:\/\/loopdx.com\/wp-content\/uploads\/2025\/03\/logo-laureado-madrid-couleur.png\u00bb title_text=\u00bblogo-laureado-madrid-couleur\u00bb _builder_version=\u00bb4.21.0&#8243; _module_preset=\u00bbdefault\u00bb width=\u00bb62%\u00bb global_colors_info=\u00bb{}\u00bb][\/et_pb_image][\/et_pb_column][et_pb_column type=\u00bb1_3&#8243; _builder_version=\u00bb4.21.0&#8243; _module_preset=\u00bbdefault\u00bb global_colors_info=\u00bb{}\u00bb][et_pb_image src=\u00bbhttps:\/\/loopdx.com\/wp-content\/uploads\/2025\/03\/images.png\u00bb title_text=\u00bbimages\u00bb _builder_version=\u00bb4.21.0&#8243; _module_preset=\u00bbdefault\u00bb width=\u00bb84%\u00bb global_colors_info=\u00bb{}\u00bb][\/et_pb_image][\/et_pb_column][\/et_pb_row][et_pb_row column_structure=\u00bb1_6,1_6,1_6,1_6,1_6,1_6&#8243; _builder_version=\u00bb4.21.0&#8243; _module_preset=\u00bbdefault\u00bb max_width=\u00bb1408px\u00bb border_width_top=\u00bb2px\u00bb global_colors_info=\u00bb{}\u00bb][et_pb_column type=\u00bb1_6&#8243; _builder_version=\u00bb4.21.0&#8243; _module_preset=\u00bbdefault\u00bb custom_padding=\u00bb13px||||false|false\u00bb global_colors_info=\u00bb{}\u00bb][et_pb_image src=\u00bbhttps:\/\/loopdx.com\/wp-content\/uploads\/2023\/07\/logo-fondos-europeos-next-generation-bn.png\u00bb title_text=\u00bblogo-fondos-europeos-next-generation-bn\u00bb _builder_version=\u00bb4.21.0&#8243; _module_preset=\u00bbdefault\u00bb global_colors_info=\u00bb{}\u00bb][\/et_pb_image][\/et_pb_column][et_pb_column type=\u00bb1_6&#8243; _builder_version=\u00bb4.21.0&#8243; _module_preset=\u00bbdefault\u00bb global_colors_info=\u00bb{}\u00bb][et_pb_image src=\u00bbhttps:\/\/loopdx.com\/wp-content\/uploads\/2023\/07\/cdti-logo-bn.jpg\u00bb title_text=\u00bbcdti-logo-bn\u00bb _builder_version=\u00bb4.21.0&#8243; _module_preset=\u00bbdefault\u00bb global_colors_info=\u00bb{}\u00bb][\/et_pb_image][\/et_pb_column][et_pb_column type=\u00bb1_6&#8243; _builder_version=\u00bb4.21.0&#8243; _module_preset=\u00bbdefault\u00bb global_colors_info=\u00bb{}\u00bb][et_pb_image src=\u00bbhttps:\/\/loopdx.com\/wp-content\/uploads\/2023\/05\/Logo-PRTR.png\u00bb title_text=\u00bbLogo-PRTR\u00bb _builder_version=\u00bb4.21.0&#8243; _module_preset=\u00bbdefault\u00bb custom_margin=\u00bb25px||||false|false\u00bb global_colors_info=\u00bb{}\u00bb][\/et_pb_image][\/et_pb_column][et_pb_column type=\u00bb1_6&#8243; _builder_version=\u00bb4.21.0&#8243; _module_preset=\u00bbdefault\u00bb global_colors_info=\u00bb{}\u00bb][et_pb_image src=\u00bbhttps:\/\/loopdx.com\/wp-content\/uploads\/2023\/06\/junta.jpg\u00bb title_text=\u00bbjunta\u00bb _builder_version=\u00bb4.21.0&#8243; _module_preset=\u00bbdefault\u00bb global_colors_info=\u00bb{}\u00bb][\/et_pb_image][\/et_pb_column][et_pb_column type=\u00bb1_6&#8243; _builder_version=\u00bb4.21.0&#8243; _module_preset=\u00bbdefault\u00bb global_colors_info=\u00bb{}\u00bb][et_pb_image src=\u00bbhttps:\/\/loopdx.com\/wp-content\/uploads\/2023\/06\/castella.jpg\u00bb title_text=\u00bbcastella\u00bb _builder_version=\u00bb4.21.0&#8243; _module_preset=\u00bbdefault\u00bb global_colors_info=\u00bb{}\u00bb][\/et_pb_image][\/et_pb_column][et_pb_column type=\u00bb1_6&#8243; _builder_version=\u00bb4.21.0&#8243; _module_preset=\u00bbdefault\u00bb global_colors_info=\u00bb{}\u00bb][et_pb_image src=\u00bbhttps:\/\/loopdx.com\/wp-content\/uploads\/2025\/03\/Agencia-modified.jpg\u00bb title_text=\u00bbAgencia-modified\u00bb _builder_version=\u00bb4.21.0&#8243; _module_preset=\u00bbdefault\u00bb width=\u00bb45%\u00bb global_colors_info=\u00bb{}\u00bb][\/et_pb_image][\/et_pb_column][\/et_pb_row][\/et_pb_section]<\/p>\n","protected":false},"excerpt":{"rendered":"<p>SEPTILOOP\u00a0 SEPTILOOP is an indirect qualitative manual test, intended to aid in the identification of patients at risk of induced immunosuppression during suspected bacterial blood stream infection (including sepsis). The test result must be used in conjunction with other medical and diagnostic evaluations and is intended for trained healthcare professionals use only. SEPTILOOP is an [&hellip;]<\/p>\n","protected":false},"author":1,"featured_media":0,"parent":0,"menu_order":0,"comment_status":"closed","ping_status":"closed","template":"","meta":{"_et_pb_use_builder":"on","_et_pb_old_content":"<p><b>FORMULARIO DE CONTACTO\u00a0<\/b><\/p><p><span style=\"font-weight: 400;\">Los datos personales solicitados a trav\u00e9s de este formulario son los m\u00ednimos necesarios para tender su solicitud y ser\u00e1n tratados por LOOP DIAGNOSTICS SL CIF\/NIF B67326322 domicilio en CALLE SANTA MARIA, NUM. 4 PLANTA 5 , SORIA (SORIA), 42001 de acuerdo a lo establecido en nuestra POL\u00cdTICA DE PRIVACIDAD con la finalidad de poder atender cualquier consulta que realice desde este formulario.\u00a0<\/span><\/p><p><span style=\"font-weight: 400;\">\u00a0Los datos recabados por este formulario no se ceder\u00e1n a terceros salvo por obligaci\u00f3n legal.\u00a0<\/span><\/p><p><span style=\"font-weight: 400;\">\u00a0Le recordamos que usted tiene derecho al acceso, rectificaci\u00f3n, limitaci\u00f3n de tratamiento, supresi\u00f3n, portabilidad y oposici\u00f3n al tratamiento de sus datos dirigiendo su petici\u00f3n a la direcci\u00f3n postal indicada o al correo electr\u00f3nico EDUARD@LOOPDX.COM. Igualmente puede dirigirse a nosotros para cualquier aclaraci\u00f3n adicional.\u00a0<\/span><\/p>","_et_gb_content_width":"","footnotes":""},"class_list":["post-261191","page","type-page","status-publish","hentry"],"yoast_head":"<!-- This site is optimized with the Yoast SEO plugin v26.4 - https:\/\/yoast.com\/wordpress\/plugins\/seo\/ -->\n<title>SeptiLoop - Loop-dx<\/title>\n<meta name=\"robots\" content=\"index, follow, max-snippet:-1, max-image-preview:large, max-video-preview:-1\" \/>\n<link rel=\"canonical\" href=\"https:\/\/loopdx.com\/es\/septiloop\/\" \/>\n<meta property=\"og:locale\" content=\"es_ES\" \/>\n<meta property=\"og:type\" content=\"article\" \/>\n<meta property=\"og:title\" content=\"SeptiLoop - Loop-dx\" \/>\n<meta property=\"og:description\" content=\"SEPTILOOP\u00a0 SEPTILOOP is an indirect qualitative manual test, intended to aid in the identification of patients at risk of induced immunosuppression during suspected bacterial blood stream infection (including sepsis). The test result must be used in conjunction with other medical and diagnostic evaluations and is intended for trained healthcare professionals use only. SEPTILOOP is an [&hellip;]\" \/>\n<meta property=\"og:url\" content=\"https:\/\/loopdx.com\/es\/septiloop\/\" \/>\n<meta property=\"og:site_name\" content=\"Loop-dx\" \/>\n<meta property=\"article:modified_time\" content=\"2025-09-04T14:01:01+00:00\" \/>\n<meta name=\"twitter:card\" content=\"summary_large_image\" \/>\n<meta name=\"twitter:label1\" content=\"Tiempo de lectura\" \/>\n\t<meta name=\"twitter:data1\" content=\"8 minutos\" \/>\n<script type=\"application\/ld+json\" class=\"yoast-schema-graph\">{\"@context\":\"https:\/\/schema.org\",\"@graph\":[{\"@type\":\"WebPage\",\"@id\":\"https:\/\/loopdx.com\/es\/septiloop\/\",\"url\":\"https:\/\/loopdx.com\/es\/septiloop\/\",\"name\":\"SeptiLoop - Loop-dx\",\"isPartOf\":{\"@id\":\"https:\/\/loopdx.com\/es\/#website\"},\"datePublished\":\"2023-07-19T14:47:23+00:00\",\"dateModified\":\"2025-09-04T14:01:01+00:00\",\"breadcrumb\":{\"@id\":\"https:\/\/loopdx.com\/es\/septiloop\/#breadcrumb\"},\"inLanguage\":\"es\",\"potentialAction\":[{\"@type\":\"ReadAction\",\"target\":[\"https:\/\/loopdx.com\/es\/septiloop\/\"]}]},{\"@type\":\"BreadcrumbList\",\"@id\":\"https:\/\/loopdx.com\/es\/septiloop\/#breadcrumb\",\"itemListElement\":[{\"@type\":\"ListItem\",\"position\":1,\"name\":\"Home\",\"item\":\"https:\/\/loopdx.com\/es\/revolucionando-la-deteccion-de-sepsis-para-una-intervencion-temprana\/\"},{\"@type\":\"ListItem\",\"position\":2,\"name\":\"SeptiLoop\"}]},{\"@type\":\"WebSite\",\"@id\":\"https:\/\/loopdx.com\/es\/#website\",\"url\":\"https:\/\/loopdx.com\/es\/\",\"name\":\"Loop-dx\",\"description\":\"Revolutionizing sepsis detection for early intervention\",\"publisher\":{\"@id\":\"https:\/\/loopdx.com\/es\/#organization\"},\"potentialAction\":[{\"@type\":\"SearchAction\",\"target\":{\"@type\":\"EntryPoint\",\"urlTemplate\":\"https:\/\/loopdx.com\/es\/?s={search_term_string}\"},\"query-input\":{\"@type\":\"PropertyValueSpecification\",\"valueRequired\":true,\"valueName\":\"search_term_string\"}}],\"inLanguage\":\"es\"},{\"@type\":\"Organization\",\"@id\":\"https:\/\/loopdx.com\/es\/#organization\",\"name\":\"Loop-dx\",\"url\":\"https:\/\/loopdx.com\/es\/\",\"logo\":{\"@type\":\"ImageObject\",\"inLanguage\":\"es\",\"@id\":\"https:\/\/loopdx.com\/es\/#\/schema\/logo\/image\/\",\"url\":\"https:\/\/loopdx.com\/wp-content\/uploads\/2023\/06\/cropped-loppdx-logo.png\",\"contentUrl\":\"https:\/\/loopdx.com\/wp-content\/uploads\/2023\/06\/cropped-loppdx-logo.png\",\"width\":512,\"height\":512,\"caption\":\"Loop-dx\"},\"image\":{\"@id\":\"https:\/\/loopdx.com\/es\/#\/schema\/logo\/image\/\"}}]}<\/script>\n<!-- \/ Yoast SEO plugin. -->","yoast_head_json":{"title":"SeptiLoop - Loop-dx","robots":{"index":"index","follow":"follow","max-snippet":"max-snippet:-1","max-image-preview":"max-image-preview:large","max-video-preview":"max-video-preview:-1"},"canonical":"https:\/\/loopdx.com\/es\/septiloop\/","og_locale":"es_ES","og_type":"article","og_title":"SeptiLoop - Loop-dx","og_description":"SEPTILOOP\u00a0 SEPTILOOP is an indirect qualitative manual test, intended to aid in the identification of patients at risk of induced immunosuppression during suspected bacterial blood stream infection (including sepsis). The test result must be used in conjunction with other medical and diagnostic evaluations and is intended for trained healthcare professionals use only. SEPTILOOP is an [&hellip;]","og_url":"https:\/\/loopdx.com\/es\/septiloop\/","og_site_name":"Loop-dx","article_modified_time":"2025-09-04T14:01:01+00:00","twitter_card":"summary_large_image","twitter_misc":{"Tiempo de lectura":"8 minutos"},"schema":{"@context":"https:\/\/schema.org","@graph":[{"@type":"WebPage","@id":"https:\/\/loopdx.com\/es\/septiloop\/","url":"https:\/\/loopdx.com\/es\/septiloop\/","name":"SeptiLoop - Loop-dx","isPartOf":{"@id":"https:\/\/loopdx.com\/es\/#website"},"datePublished":"2023-07-19T14:47:23+00:00","dateModified":"2025-09-04T14:01:01+00:00","breadcrumb":{"@id":"https:\/\/loopdx.com\/es\/septiloop\/#breadcrumb"},"inLanguage":"es","potentialAction":[{"@type":"ReadAction","target":["https:\/\/loopdx.com\/es\/septiloop\/"]}]},{"@type":"BreadcrumbList","@id":"https:\/\/loopdx.com\/es\/septiloop\/#breadcrumb","itemListElement":[{"@type":"ListItem","position":1,"name":"Home","item":"https:\/\/loopdx.com\/es\/revolucionando-la-deteccion-de-sepsis-para-una-intervencion-temprana\/"},{"@type":"ListItem","position":2,"name":"SeptiLoop"}]},{"@type":"WebSite","@id":"https:\/\/loopdx.com\/es\/#website","url":"https:\/\/loopdx.com\/es\/","name":"Loop-dx","description":"Revolutionizing sepsis detection for early intervention","publisher":{"@id":"https:\/\/loopdx.com\/es\/#organization"},"potentialAction":[{"@type":"SearchAction","target":{"@type":"EntryPoint","urlTemplate":"https:\/\/loopdx.com\/es\/?s={search_term_string}"},"query-input":{"@type":"PropertyValueSpecification","valueRequired":true,"valueName":"search_term_string"}}],"inLanguage":"es"},{"@type":"Organization","@id":"https:\/\/loopdx.com\/es\/#organization","name":"Loop-dx","url":"https:\/\/loopdx.com\/es\/","logo":{"@type":"ImageObject","inLanguage":"es","@id":"https:\/\/loopdx.com\/es\/#\/schema\/logo\/image\/","url":"https:\/\/loopdx.com\/wp-content\/uploads\/2023\/06\/cropped-loppdx-logo.png","contentUrl":"https:\/\/loopdx.com\/wp-content\/uploads\/2023\/06\/cropped-loppdx-logo.png","width":512,"height":512,"caption":"Loop-dx"},"image":{"@id":"https:\/\/loopdx.com\/es\/#\/schema\/logo\/image\/"}}]}},"_links":{"self":[{"href":"https:\/\/loopdx.com\/es\/wp-json\/wp\/v2\/pages\/261191","targetHints":{"allow":["GET"]}}],"collection":[{"href":"https:\/\/loopdx.com\/es\/wp-json\/wp\/v2\/pages"}],"about":[{"href":"https:\/\/loopdx.com\/es\/wp-json\/wp\/v2\/types\/page"}],"author":[{"embeddable":true,"href":"https:\/\/loopdx.com\/es\/wp-json\/wp\/v2\/users\/1"}],"replies":[{"embeddable":true,"href":"https:\/\/loopdx.com\/es\/wp-json\/wp\/v2\/comments?post=261191"}],"version-history":[{"count":0,"href":"https:\/\/loopdx.com\/es\/wp-json\/wp\/v2\/pages\/261191\/revisions"}],"wp:attachment":[{"href":"https:\/\/loopdx.com\/es\/wp-json\/wp\/v2\/media?parent=261191"}],"curies":[{"name":"wp","href":"https:\/\/api.w.org\/{rel}","templated":true}]}}