{"id":261130,"date":"2023-06-19T10:33:58","date_gmt":"2023-06-19T10:33:58","guid":{"rendered":"https:\/\/loopdx.wpengine.com\/noticias\/"},"modified":"2025-09-04T14:08:21","modified_gmt":"2025-09-04T14:08:21","slug":"noticias","status":"publish","type":"page","link":"https:\/\/loopdx.com\/es\/noticias\/","title":{"rendered":"Noticias"},"content":{"rendered":"<p>[et_pb_section fb_built=\u00bb1&#8243; admin_label=\u00bbHeader\u00bb _builder_version=\u00bb4.21.0&#8243; _module_preset=\u00bbdefault\u00bb background_color=\u00bb#f8f8f8&#8243; background_enable_color=\u00bboff\u00bb use_background_color_gradient=\u00bbon\u00bb background_color_gradient_stops=\u00bb#000000 0%|rgba(0,0,0,0.17) 100%\u00bb background_color_gradient_overlays_image=\u00bbon\u00bb background_color_gradient_start=\u00bb#000000&#8243; background_color_gradient_end=\u00bbrgba(0,0,0,0.17)\u00bb background_image=\u00bbhttps:\/\/loopdx.com\/wp-content\/uploads\/2023\/06\/background_color.png\u00bb custom_padding=\u00bb||0px|||\u00bb global_colors_info=\u00bb{%22gcid-01d52b91-888a-4360-8bf2-df06995b266a%22:%91%93}\u00bb][et_pb_row column_structure=\u00bb3_5,2_5&#8243; _builder_version=\u00bb4.16&#8243; _module_preset=\u00bbdefault\u00bb custom_padding=\u00bb||69px|||\u00bb global_colors_info=\u00bb{}\u00bb][et_pb_column type=\u00bb3_5&#8243; _builder_version=\u00bb4.16&#8243; _module_preset=\u00bbdefault\u00bb global_colors_info=\u00bb{}\u00bb][et_pb_text _builder_version=\u00bb4.16&#8243; _module_preset=\u00bbf117a852-9ed3-4e7e-bbbb-0293ae077f1c\u00bb header_font=\u00bbPoppins|700|||||||\u00bb header_text_color=\u00bb#FFFFFF\u00bb header_font_size=\u00bb112px\u00bb header_line_height=\u00bb1.2em\u00bb header_font_size_tablet=\u00bb60px\u00bb header_font_size_phone=\u00bb36px\u00bb header_font_size_last_edited=\u00bbon|phone\u00bb locked=\u00bboff\u00bb global_colors_info=\u00bb{}\u00bb]<\/p>\n<h1>Noticias<\/h1>\n<p>[\/et_pb_text][\/et_pb_column][et_pb_column type=\u00bb2_5&#8243; _builder_version=\u00bb4.16&#8243; _module_preset=\u00bbdefault\u00bb custom_padding=\u00bb30px||||false|false\u00bb custom_padding_tablet=\u00bb0px||||false|false\u00bb custom_padding_phone=\u00bb\u00bb custom_padding_last_edited=\u00bbon|tablet\u00bb global_colors_info=\u00bb{}\u00bb][et_pb_text _builder_version=\u00bb4.21.0&#8243; _module_preset=\u00bb8bb1575d-848a-4e48-b018-17a2eccf3bc3&#8243; text_font=\u00bbWork Sans||||||||\u00bb text_font_size=\u00bb18px\u00bb text_line_height=\u00bb1.8em\u00bb background_layout=\u00bbdark\u00bb text_font_size_tablet=\u00bb16px\u00bb text_font_size_phone=\u00bb14px\u00bb text_font_size_last_edited=\u00bbon|desktop\u00bb global_colors_info=\u00bb{}\u00bb][\/et_pb_text][\/et_pb_column][\/et_pb_row][\/et_pb_section][et_pb_section fb_built=\u00bb1&#8243; admin_label=\u00bbBlog\u00bb _builder_version=\u00bb4.16&#8243; _module_preset=\u00bbdefault\u00bb global_colors_info=\u00bb{}\u00bb][et_pb_row _builder_version=\u00bb4.21.0&#8243; _module_preset=\u00bbdefault\u00bb global_colors_info=\u00bb{}\u00bb][et_pb_column type=\u00bb4_4&#8243; _builder_version=\u00bb4.21.0&#8243; _module_preset=\u00bbdefault\u00bb global_colors_info=\u00bb{}\u00bb][et_pb_code _builder_version=\u00bb4.21.0&#8243; _module_preset=\u00bbdefault\u00bb global_colors_info=\u00bb{}\u00bb]<\/p>\n<div class=\"sk-ww-linkedin-page-post\" data-embed-id=\"183017\"><\/div>\n<p><script src=\"https:\/\/widgets.sociablekit.com\/linkedin-page-posts\/widget.js\" async=\"\" defer><\/script>[\/et_pb_code][\/et_pb_column][\/et_pb_row][\/et_pb_section][et_pb_section fb_built=\u00bb1&#8243; admin_label=\u00bbContact info\u00bb _builder_version=\u00bb4.21.0&#8243; _module_preset=\u00bbdefault\u00bb background_color=\u00bb#000000&#8243; background_enable_image=\u00bboff\u00bb border_width_bottom=\u00bb1px\u00bb saved_tabs=\u00bball\u00bb global_colors_info=\u00bb{}\u00bb][et_pb_row column_structure=\u00bb1_2,1_2&#8243; module_id=\u00bbcontact\u00bb _builder_version=\u00bb4.21.0&#8243; _module_preset=\u00bbdefault\u00bb global_colors_info=\u00bb{}\u00bb][et_pb_column type=\u00bb1_2&#8243; _builder_version=\u00bb4.16&#8243; _module_preset=\u00bbdefault\u00bb global_colors_info=\u00bb{}\u00bb][et_pb_text _builder_version=\u00bb4.21.0&#8243; _module_preset=\u00bbde5f6196-b4e3-4dfe-9661-d839a94cca66&#8243; text_font=\u00bbWork Sans|600|||||||\u00bb text_text_color=\u00bb#254386&#8243; text_font_size=\u00bb17px\u00bb text_line_height=\u00bb1.4em\u00bb link_text_color=\u00bb#004E43&#8243; header_3_font=\u00bbWork Sans|500||on|||||\u00bb header_3_text_color=\u00bb#d3d3d3&#8243; header_3_font_size=\u00bb16px\u00bb header_3_letter_spacing=\u00bb2px\u00bb header_3_line_height=\u00bb1.4em\u00bb custom_margin=\u00bb||4px||false|false\u00bb custom_padding=\u00bb||5px|||\u00bb text_font_size_tablet=\u00bb18px\u00bb text_font_size_phone=\u00bb16px\u00bb text_font_size_last_edited=\u00bbon|phone\u00bb header_3_font_size_tablet=\u00bb14px\u00bb header_3_font_size_phone=\u00bb\u00bb header_3_font_size_last_edited=\u00bbon|phone\u00bb locked=\u00bboff\u00bb global_colors_info=\u00bb{%22gcid-4721c02e-63da-4985-9f86-80b98bb29c52%22:%91%22header_3_text_color%22,%22header_3_text_color%22,%22header_3_text_color%22,%22header_3_text_color%22,%22header_3_text_color%22,%22header_3_text_color%22%93,%22gcid-26ac9050-52ea-4dfa-84b3-bad7cf43e335%22:%91%93}\u00bb]<\/p>\n<h3>Email<\/h3>\n<p>eduard@loopdx.com<\/p>\n<p>[\/et_pb_text][et_pb_text _builder_version=\u00bb4.21.0&#8243; _module_preset=\u00bbde5f6196-b4e3-4dfe-9661-d839a94cca66&#8243; text_font=\u00bbWork Sans|600|||||||\u00bb text_text_color=\u00bb#254386&#8243; text_font_size=\u00bb17px\u00bb text_line_height=\u00bb1.4em\u00bb link_text_color=\u00bb#004E43&#8243; header_3_font=\u00bbWork Sans|500||on|||||\u00bb header_3_text_color=\u00bb#d3d3d3&#8243; header_3_font_size=\u00bb16px\u00bb header_3_letter_spacing=\u00bb2px\u00bb header_3_line_height=\u00bb1.4em\u00bb custom_margin=\u00bb||4px||false|false\u00bb custom_padding=\u00bb||3px|||\u00bb text_font_size_tablet=\u00bb18px\u00bb text_font_size_phone=\u00bb16px\u00bb text_font_size_last_edited=\u00bbon|phone\u00bb header_3_font_size_tablet=\u00bb14px\u00bb header_3_font_size_phone=\u00bb\u00bb header_3_font_size_last_edited=\u00bbon|phone\u00bb locked=\u00bboff\u00bb global_colors_info=\u00bb{%22gcid-4721c02e-63da-4985-9f86-80b98bb29c52%22:%91%22header_3_text_color%22,%22header_3_text_color%22,%22header_3_text_color%22%93,%22gcid-26ac9050-52ea-4dfa-84b3-bad7cf43e335%22:%91%93}\u00bb]<\/p>\n<h3>Oficina<\/h3>\n<p><span style=\"font-size: 17px;\">Cosymbio Labs &#8211; Rent shared laboratory R&amp;D. Carrer de Roc Boronat, 31, Sant Mart\u00ed, 08005 Barcelona<\/span><\/p>\n<p>[\/et_pb_text][et_pb_text _builder_version=\u00bb4.21.0&#8243; _module_preset=\u00bbde5f6196-b4e3-4dfe-9661-d839a94cca66&#8243; text_font=\u00bbWork Sans|600|||||||\u00bb text_text_color=\u00bb#254386&#8243; text_font_size=\u00bb17px\u00bb text_line_height=\u00bb1.4em\u00bb link_text_color=\u00bb#004E43&#8243; header_3_font=\u00bbWork Sans|500||on|||||\u00bb header_3_text_color=\u00bb#d3d3d3&#8243; header_3_font_size=\u00bb16px\u00bb header_3_letter_spacing=\u00bb2px\u00bb header_3_line_height=\u00bb1.4em\u00bb custom_margin=\u00bb||4px||false|false\u00bb custom_padding=\u00bb||3px|||\u00bb text_font_size_tablet=\u00bb18px\u00bb text_font_size_phone=\u00bb16px\u00bb text_font_size_last_edited=\u00bbon|phone\u00bb header_3_font_size_tablet=\u00bb14px\u00bb header_3_font_size_phone=\u00bb\u00bb header_3_font_size_last_edited=\u00bbon|phone\u00bb locked=\u00bboff\u00bb global_colors_info=\u00bb{%22gcid-4721c02e-63da-4985-9f86-80b98bb29c52%22:%91%22header_3_text_color%22,%22header_3_text_color%22%93,%22gcid-26ac9050-52ea-4dfa-84b3-bad7cf43e335%22:%91%93}\u00bb]<\/p>\n<h3>Tel\u00e9fono<\/h3>\n<p>+34 696 17 75 93<\/p>\n<p>[\/et_pb_text][et_pb_text _builder_version=\u00bb4.21.0&#8243; _module_preset=\u00bbde5f6196-b4e3-4dfe-9661-d839a94cca66&#8243; text_font=\u00bbWork Sans|600|||||||\u00bb text_text_color=\u00bb#254386&#8243; text_font_size=\u00bb17px\u00bb text_line_height=\u00bb1.4em\u00bb link_text_color=\u00bb#004E43&#8243; header_3_font=\u00bbWork Sans|500||on|||||\u00bb header_3_text_color=\u00bb#d3d3d3&#8243; header_3_font_size=\u00bb16px\u00bb header_3_letter_spacing=\u00bb2px\u00bb header_3_line_height=\u00bb1.4em\u00bb custom_margin=\u00bb||4px||false|false\u00bb custom_padding=\u00bb||3px|||\u00bb text_font_size_tablet=\u00bb18px\u00bb text_font_size_phone=\u00bb16px\u00bb text_font_size_last_edited=\u00bbon|phone\u00bb header_3_font_size_tablet=\u00bb14px\u00bb header_3_font_size_phone=\u00bb\u00bb header_3_font_size_last_edited=\u00bbon|phone\u00bb locked=\u00bboff\u00bb global_colors_info=\u00bb{%22gcid-4721c02e-63da-4985-9f86-80b98bb29c52%22:%91%22header_3_text_color%22,%22header_3_text_color%22,%22header_3_text_color%22%93,%22gcid-26ac9050-52ea-4dfa-84b3-bad7cf43e335%22:%91%93}\u00bb]<\/p>\n<h3>Seguir<\/h3>\n<p>[\/et_pb_text][et_pb_social_media_follow icon_color=\u00bb#254386&#8243; icon_color_last_edited=\u00bboff|desktop\u00bb _builder_version=\u00bb4.21.0&#8243; _module_preset=\u00bbdefault\u00bb text_orientation=\u00bbleft\u00bb custom_margin=\u00bb||||false|false\u00bb custom_margin_last_edited=\u00bboff|desktop\u00bb custom_padding=\u00bb||||false|false\u00bb locked=\u00bboff\u00bb global_colors_info=\u00bb{%22gcid-26ac9050-52ea-4dfa-84b3-bad7cf43e335%22:%91%93,%22gcid-3bcfc9e8-40d7-422e-a60f-3fa9ff8f4895%22:%91%93}\u00bb][et_pb_social_media_follow_network social_network=\u00bbtwitter\u00bb url=\u00bbhttps:\/\/twitter.com\/loopdx\u00bb _builder_version=\u00bb4.21.0&#8243; _module_preset=\u00bbdefault\u00bb global_colors_info=\u00bb{}\u00bb follow_button=\u00bboff\u00bb url_new_window=\u00bbon\u00bb]twitter[\/et_pb_social_media_follow_network][et_pb_social_media_follow_network social_network=\u00bblinkedin\u00bb url=\u00bbhttps:\/\/www.linkedin.com\/company\/loopdx\/\u00bb _builder_version=\u00bb4.21.0&#8243; _module_preset=\u00bbdefault\u00bb background_enable_color=\u00bboff\u00bb global_colors_info=\u00bb{}\u00bb follow_button=\u00bboff\u00bb url_new_window=\u00bbon\u00bb]linkedin[\/et_pb_social_media_follow_network][\/et_pb_social_media_follow][\/et_pb_column][et_pb_column type=\u00bb1_2&#8243; _builder_version=\u00bb4.16&#8243; _module_preset=\u00bbdefault\u00bb global_colors_info=\u00bb{}\u00bb][\/et_pb_column][\/et_pb_row][et_pb_row _builder_version=\u00bb4.21.0&#8243; _module_preset=\u00bbdefault\u00bb global_colors_info=\u00bb{}\u00bb][et_pb_column type=\u00bb4_4&#8243; _builder_version=\u00bb4.21.0&#8243; _module_preset=\u00bbdefault\u00bb global_colors_info=\u00bb{}\u00bb][et_pb_text _builder_version=\u00bb4.21.0&#8243; _module_preset=\u00bbdefault\u00bb text_font=\u00bbWork Sans||||||||\u00bb text_text_color=\u00bb#afafaf\u00bb text_orientation=\u00bbjustified\u00bb global_colors_info=\u00bb{}\u00bb]<\/p>\n<p style=\"text-align: center;\"><span>Los productos fabricados por Loop Diagnostics est\u00e1n todos en fase de desarrollo, en proceso de obtener la certificaci\u00f3n de marcado CE de acuerdo con la Normativa de Diagn\u00f3stico In Vitro como dispositivos de diagn\u00f3stico in vitro. Todas las im\u00e1genes de productos, envases y nombres de productos que aparecen en este sitio web son de prototipos para fines de visualizaci\u00f3n. Sin embargo, los productos finales no est\u00e1n actualmente disponibles para su comercializaci\u00f3n, sino \u00fanicamente para fines de investigaci\u00f3n y evaluaci\u00f3n de su rendimiento.<\/span><\/p>\n<p>[\/et_pb_text][\/et_pb_column][\/et_pb_row][et_pb_row column_structure=\u00bb1_5,1_5,1_5,1_5,1_5&#8243; _builder_version=\u00bb4.21.0&#8243; _module_preset=\u00bbdefault\u00bb max_width=\u00bb1408px\u00bb border_width_top=\u00bb2px\u00bb global_colors_info=\u00bb{}\u00bb][et_pb_column type=\u00bb1_5&#8243; _builder_version=\u00bb4.21.0&#8243; _module_preset=\u00bbdefault\u00bb custom_padding=\u00bb13px||||false|false\u00bb global_colors_info=\u00bb{}\u00bb][et_pb_image src=\u00bbhttps:\/\/loopdx.com\/wp-content\/uploads\/2023\/07\/logo-fondos-europeos-next-generation-bn.png\u00bb title_text=\u00bblogo-fondos-europeos-next-generation-bn\u00bb _builder_version=\u00bb4.21.0&#8243; _module_preset=\u00bbdefault\u00bb global_colors_info=\u00bb{}\u00bb][\/et_pb_image][\/et_pb_column][et_pb_column type=\u00bb1_5&#8243; _builder_version=\u00bb4.21.0&#8243; _module_preset=\u00bbdefault\u00bb global_colors_info=\u00bb{}\u00bb][et_pb_image src=\u00bbhttps:\/\/loopdx.com\/wp-content\/uploads\/2023\/07\/cdti-logo-bn.jpg\u00bb title_text=\u00bbcdti-logo-bn\u00bb _builder_version=\u00bb4.21.0&#8243; _module_preset=\u00bbdefault\u00bb global_colors_info=\u00bb{}\u00bb][\/et_pb_image][\/et_pb_column][et_pb_column type=\u00bb1_5&#8243; _builder_version=\u00bb4.21.0&#8243; _module_preset=\u00bbdefault\u00bb global_colors_info=\u00bb{}\u00bb][et_pb_image src=\u00bbhttps:\/\/loopdx.com\/wp-content\/uploads\/2023\/05\/Logo-PRTR.png\u00bb title_text=\u00bbLogo-PRTR\u00bb _builder_version=\u00bb4.21.0&#8243; _module_preset=\u00bbdefault\u00bb custom_margin=\u00bb25px||||false|false\u00bb global_colors_info=\u00bb{}\u00bb][\/et_pb_image][\/et_pb_column][et_pb_column type=\u00bb1_5&#8243; _builder_version=\u00bb4.21.0&#8243; _module_preset=\u00bbdefault\u00bb global_colors_info=\u00bb{}\u00bb][et_pb_image src=\u00bbhttps:\/\/loopdx.com\/wp-content\/uploads\/2023\/06\/junta.jpg\u00bb title_text=\u00bbjunta\u00bb _builder_version=\u00bb4.21.0&#8243; _module_preset=\u00bbdefault\u00bb global_colors_info=\u00bb{}\u00bb][\/et_pb_image][\/et_pb_column][et_pb_column type=\u00bb1_5&#8243; _builder_version=\u00bb4.21.0&#8243; _module_preset=\u00bbdefault\u00bb global_colors_info=\u00bb{}\u00bb][et_pb_image src=\u00bbhttps:\/\/loopdx.com\/wp-content\/uploads\/2023\/06\/castella.jpg\u00bb title_text=\u00bbcastella\u00bb _builder_version=\u00bb4.21.0&#8243; _module_preset=\u00bbdefault\u00bb global_colors_info=\u00bb{}\u00bb][\/et_pb_image][\/et_pb_column][\/et_pb_row][\/et_pb_section]<\/p>\n","protected":false},"excerpt":{"rendered":"<p>NoticiasEmail eduard@loopdx.comOficina Cosymbio Labs &#8211; Rent shared laboratory R&amp;D. Carrer de Roc Boronat, 31, Sant Mart\u00ed, 08005 BarcelonaTel\u00e9fono +34 696 17 75 93SeguirLos productos fabricados por Loop Diagnostics est\u00e1n todos en fase de desarrollo, en proceso de obtener la certificaci\u00f3n de marcado CE de acuerdo con la Normativa de Diagn\u00f3stico In Vitro como dispositivos de [&hellip;]<\/p>\n","protected":false},"author":1,"featured_media":0,"parent":0,"menu_order":0,"comment_status":"closed","ping_status":"closed","template":"","meta":{"_et_pb_use_builder":"on","_et_pb_old_content":"","_et_gb_content_width":"","footnotes":""},"class_list":["post-261130","page","type-page","status-publish","hentry"],"yoast_head":"<!-- This site is optimized with the Yoast SEO plugin v26.4 - https:\/\/yoast.com\/wordpress\/plugins\/seo\/ -->\n<title>Noticias - Loop-dx<\/title>\n<meta name=\"robots\" content=\"index, follow, max-snippet:-1, max-image-preview:large, max-video-preview:-1\" \/>\n<link rel=\"canonical\" href=\"https:\/\/loopdx.com\/es\/noticias\/\" \/>\n<meta property=\"og:locale\" content=\"es_ES\" \/>\n<meta property=\"og:type\" content=\"article\" \/>\n<meta property=\"og:title\" content=\"Noticias - Loop-dx\" \/>\n<meta property=\"og:description\" content=\"NoticiasEmail eduard@loopdx.comOficina Cosymbio Labs - Rent shared laboratory R&amp;D. Carrer de Roc Boronat, 31, Sant Mart\u00ed, 08005 BarcelonaTel\u00e9fono +34 696 17 75 93SeguirLos productos fabricados por Loop Diagnostics est\u00e1n todos en fase de desarrollo, en proceso de obtener la certificaci\u00f3n de marcado CE de acuerdo con la Normativa de Diagn\u00f3stico In Vitro como dispositivos de [&hellip;]\" \/>\n<meta property=\"og:url\" content=\"https:\/\/loopdx.com\/es\/noticias\/\" \/>\n<meta property=\"og:site_name\" content=\"Loop-dx\" \/>\n<meta property=\"article:modified_time\" content=\"2025-09-04T14:08:21+00:00\" \/>\n<meta name=\"twitter:card\" content=\"summary_large_image\" \/>\n<meta name=\"twitter:label1\" content=\"Tiempo de lectura\" \/>\n\t<meta name=\"twitter:data1\" content=\"7 minutos\" \/>\n<script type=\"application\/ld+json\" class=\"yoast-schema-graph\">{\"@context\":\"https:\/\/schema.org\",\"@graph\":[{\"@type\":\"WebPage\",\"@id\":\"https:\/\/loopdx.com\/es\/noticias\/\",\"url\":\"https:\/\/loopdx.com\/es\/noticias\/\",\"name\":\"Noticias - Loop-dx\",\"isPartOf\":{\"@id\":\"https:\/\/loopdx.com\/es\/#website\"},\"datePublished\":\"2023-06-19T10:33:58+00:00\",\"dateModified\":\"2025-09-04T14:08:21+00:00\",\"breadcrumb\":{\"@id\":\"https:\/\/loopdx.com\/es\/noticias\/#breadcrumb\"},\"inLanguage\":\"es\",\"potentialAction\":[{\"@type\":\"ReadAction\",\"target\":[\"https:\/\/loopdx.com\/es\/noticias\/\"]}]},{\"@type\":\"BreadcrumbList\",\"@id\":\"https:\/\/loopdx.com\/es\/noticias\/#breadcrumb\",\"itemListElement\":[{\"@type\":\"ListItem\",\"position\":1,\"name\":\"Home\",\"item\":\"https:\/\/loopdx.com\/es\/revolucionando-la-deteccion-de-sepsis-para-una-intervencion-temprana\/\"},{\"@type\":\"ListItem\",\"position\":2,\"name\":\"Noticias\"}]},{\"@type\":\"WebSite\",\"@id\":\"https:\/\/loopdx.com\/es\/#website\",\"url\":\"https:\/\/loopdx.com\/es\/\",\"name\":\"Loop-dx\",\"description\":\"Revolutionizing sepsis detection for early intervention\",\"publisher\":{\"@id\":\"https:\/\/loopdx.com\/es\/#organization\"},\"potentialAction\":[{\"@type\":\"SearchAction\",\"target\":{\"@type\":\"EntryPoint\",\"urlTemplate\":\"https:\/\/loopdx.com\/es\/?s={search_term_string}\"},\"query-input\":{\"@type\":\"PropertyValueSpecification\",\"valueRequired\":true,\"valueName\":\"search_term_string\"}}],\"inLanguage\":\"es\"},{\"@type\":\"Organization\",\"@id\":\"https:\/\/loopdx.com\/es\/#organization\",\"name\":\"Loop-dx\",\"url\":\"https:\/\/loopdx.com\/es\/\",\"logo\":{\"@type\":\"ImageObject\",\"inLanguage\":\"es\",\"@id\":\"https:\/\/loopdx.com\/es\/#\/schema\/logo\/image\/\",\"url\":\"https:\/\/loopdx.com\/wp-content\/uploads\/2023\/06\/cropped-loppdx-logo.png\",\"contentUrl\":\"https:\/\/loopdx.com\/wp-content\/uploads\/2023\/06\/cropped-loppdx-logo.png\",\"width\":512,\"height\":512,\"caption\":\"Loop-dx\"},\"image\":{\"@id\":\"https:\/\/loopdx.com\/es\/#\/schema\/logo\/image\/\"}}]}<\/script>\n<!-- \/ Yoast SEO plugin. -->","yoast_head_json":{"title":"Noticias - Loop-dx","robots":{"index":"index","follow":"follow","max-snippet":"max-snippet:-1","max-image-preview":"max-image-preview:large","max-video-preview":"max-video-preview:-1"},"canonical":"https:\/\/loopdx.com\/es\/noticias\/","og_locale":"es_ES","og_type":"article","og_title":"Noticias - Loop-dx","og_description":"NoticiasEmail eduard@loopdx.comOficina Cosymbio Labs - Rent shared laboratory R&amp;D. Carrer de Roc Boronat, 31, Sant Mart\u00ed, 08005 BarcelonaTel\u00e9fono +34 696 17 75 93SeguirLos productos fabricados por Loop Diagnostics est\u00e1n todos en fase de desarrollo, en proceso de obtener la certificaci\u00f3n de marcado CE de acuerdo con la Normativa de Diagn\u00f3stico In Vitro como dispositivos de [&hellip;]","og_url":"https:\/\/loopdx.com\/es\/noticias\/","og_site_name":"Loop-dx","article_modified_time":"2025-09-04T14:08:21+00:00","twitter_card":"summary_large_image","twitter_misc":{"Tiempo de lectura":"7 minutos"},"schema":{"@context":"https:\/\/schema.org","@graph":[{"@type":"WebPage","@id":"https:\/\/loopdx.com\/es\/noticias\/","url":"https:\/\/loopdx.com\/es\/noticias\/","name":"Noticias - Loop-dx","isPartOf":{"@id":"https:\/\/loopdx.com\/es\/#website"},"datePublished":"2023-06-19T10:33:58+00:00","dateModified":"2025-09-04T14:08:21+00:00","breadcrumb":{"@id":"https:\/\/loopdx.com\/es\/noticias\/#breadcrumb"},"inLanguage":"es","potentialAction":[{"@type":"ReadAction","target":["https:\/\/loopdx.com\/es\/noticias\/"]}]},{"@type":"BreadcrumbList","@id":"https:\/\/loopdx.com\/es\/noticias\/#breadcrumb","itemListElement":[{"@type":"ListItem","position":1,"name":"Home","item":"https:\/\/loopdx.com\/es\/revolucionando-la-deteccion-de-sepsis-para-una-intervencion-temprana\/"},{"@type":"ListItem","position":2,"name":"Noticias"}]},{"@type":"WebSite","@id":"https:\/\/loopdx.com\/es\/#website","url":"https:\/\/loopdx.com\/es\/","name":"Loop-dx","description":"Revolutionizing sepsis detection for early intervention","publisher":{"@id":"https:\/\/loopdx.com\/es\/#organization"},"potentialAction":[{"@type":"SearchAction","target":{"@type":"EntryPoint","urlTemplate":"https:\/\/loopdx.com\/es\/?s={search_term_string}"},"query-input":{"@type":"PropertyValueSpecification","valueRequired":true,"valueName":"search_term_string"}}],"inLanguage":"es"},{"@type":"Organization","@id":"https:\/\/loopdx.com\/es\/#organization","name":"Loop-dx","url":"https:\/\/loopdx.com\/es\/","logo":{"@type":"ImageObject","inLanguage":"es","@id":"https:\/\/loopdx.com\/es\/#\/schema\/logo\/image\/","url":"https:\/\/loopdx.com\/wp-content\/uploads\/2023\/06\/cropped-loppdx-logo.png","contentUrl":"https:\/\/loopdx.com\/wp-content\/uploads\/2023\/06\/cropped-loppdx-logo.png","width":512,"height":512,"caption":"Loop-dx"},"image":{"@id":"https:\/\/loopdx.com\/es\/#\/schema\/logo\/image\/"}}]}},"_links":{"self":[{"href":"https:\/\/loopdx.com\/es\/wp-json\/wp\/v2\/pages\/261130","targetHints":{"allow":["GET"]}}],"collection":[{"href":"https:\/\/loopdx.com\/es\/wp-json\/wp\/v2\/pages"}],"about":[{"href":"https:\/\/loopdx.com\/es\/wp-json\/wp\/v2\/types\/page"}],"author":[{"embeddable":true,"href":"https:\/\/loopdx.com\/es\/wp-json\/wp\/v2\/users\/1"}],"replies":[{"embeddable":true,"href":"https:\/\/loopdx.com\/es\/wp-json\/wp\/v2\/comments?post=261130"}],"version-history":[{"count":0,"href":"https:\/\/loopdx.com\/es\/wp-json\/wp\/v2\/pages\/261130\/revisions"}],"wp:attachment":[{"href":"https:\/\/loopdx.com\/es\/wp-json\/wp\/v2\/media?parent=261130"}],"curies":[{"name":"wp","href":"https:\/\/api.w.org\/{rel}","templated":true}]}}